{"id":2651,"date":"2023-01-25T00:02:11","date_gmt":"2023-01-24T23:02:11","guid":{"rendered":"https:\/\/shop.easygold24.de\/unkategorisiert\/muenzbox-fuer-36-x-1-oz-kruegerrand-gold-oder-silber-ohne-einlage\/"},"modified":"2026-04-25T23:02:52","modified_gmt":"2026-04-25T22:02:52","slug":"muenzbox-fuer-36-x-1-oz-kruegerrand-gold-oder-silber-ohne-einlage","status":"publish","type":"product","link":"https:\/\/shop.easygold24.de\/en\/muenzen\/sammelzubehoer\/muenzboxen\/muenzbox-fuer-36-x-1-oz-kruegerrand-gold-oder-silber-ohne-einlage\/","title":{"rendered":"M\u00fcnzbox f\u00fcr 36 x 1 Oz Kr\u00fcgerrand (Gold oder Silber) ohne Einlage"},"content":{"rendered":"","protected":false},"excerpt":{"rendered":"","protected":false},"featured_media":427763,"comment_status":"open","ping_status":"closed","template":"","meta":[],"product_cat":[61,51,60],"product_tag":[],"class_list":{"0":"post-2651","1":"product","2":"type-product","3":"status-publish","4":"has-post-thumbnail","6":"product_cat-muenzboxen","7":"product_cat-muenzen","8":"product_cat-sammelzubehoer","10":"first","11":"instock","12":"taxable","13":"shipping-taxable","14":"purchasable","15":"product-type-simple"},"featured_image_urls":{"full":["https:\/\/shop.easygold24.de\/wp-content\/uploads\/2023\/06\/151203105048_1104204165.jpg",600,600,false],"thumbnail":["https:\/\/shop.easygold24.de\/wp-content\/uploads\/2023\/06\/151203105048_1104204165-150x150.jpg",150,150,true],"medium":["https:\/\/shop.easygold24.de\/wp-content\/uploads\/2023\/06\/151203105048_1104204165-300x300.jpg",300,300,true],"medium_large":["https:\/\/shop.easygold24.de\/wp-content\/uploads\/2023\/06\/151203105048_1104204165-768x768.jpg",768,768,true],"large":["https:\/\/shop.easygold24.de\/wp-content\/uploads\/2023\/06\/151203105048_1104204165-1024x1024.jpg",1024,1024,true],"1536x1536":["https:\/\/shop.easygold24.de\/wp-content\/uploads\/2023\/06\/151203105048_1104204165-1536x1536.jpg",1536,1536,true],"2048x2048":["https:\/\/shop.easygold24.de\/wp-content\/uploads\/2023\/06\/151203105048_1104204165-2048x2048.jpg",2048,2048,true],"woocommerce_archive_thumbnail":["https:\/\/shop.easygold24.de\/wp-content\/uploads\/2023\/06\/151203105048_1104204165-300x300.jpg",300,300,true],"woocommerce_thumbnail":["https:\/\/shop.easygold24.de\/wp-content\/uploads\/2023\/06\/151203105048_1104204165-300x300.jpg",300,300,true],"woocommerce_single":["https:\/\/shop.easygold24.de\/wp-content\/uploads\/2023\/06\/151203105048_1104204165-600x600.jpg",600,600,true],"woocommerce_gallery_thumbnail":["https:\/\/shop.easygold24.de\/wp-content\/uploads\/2023\/06\/151203105048_1104204165-100x100.jpg",100,100,true]},"post_excerpt_stackable":"","category_list":"","author_info":{"name":"","url":""},"comments_num":"0 comments","_links":{"self":[{"href":"https:\/\/shop.easygold24.de\/en\/wp-json\/wp\/v2\/product\/2651","targetHints":{"allow":["GET"]}}],"collection":[{"href":"https:\/\/shop.easygold24.de\/en\/wp-json\/wp\/v2\/product"}],"about":[{"href":"https:\/\/shop.easygold24.de\/en\/wp-json\/wp\/v2\/types\/product"}],"replies":[{"embeddable":true,"href":"https:\/\/shop.easygold24.de\/en\/wp-json\/wp\/v2\/comments?post=2651"}],"version-history":[{"count":1,"href":"https:\/\/shop.easygold24.de\/en\/wp-json\/wp\/v2\/product\/2651\/revisions"}],"predecessor-version":[{"id":357448,"href":"https:\/\/shop.easygold24.de\/en\/wp-json\/wp\/v2\/product\/2651\/revisions\/357448"}],"wp:featuredmedia":[{"embeddable":true,"href":"https:\/\/shop.easygold24.de\/en\/wp-json\/wp\/v2\/media\/427763"}],"wp:attachment":[{"href":"https:\/\/shop.easygold24.de\/en\/wp-json\/wp\/v2\/media?parent=2651"}],"wp:term":[{"taxonomy":"product_cat","embeddable":true,"href":"https:\/\/shop.easygold24.de\/en\/wp-json\/wp\/v2\/product_cat?post=2651"},{"taxonomy":"product_tag","embeddable":true,"href":"https:\/\/shop.easygold24.de\/en\/wp-json\/wp\/v2\/product_tag?post=2651"}],"curies":[{"name":"wp","href":"https:\/\/api.w.org\/{rel}","templated":true}]}}